{"id":6330,"date":"2025-06-18T17:41:16","date_gmt":"2025-06-18T17:41:16","guid":{"rendered":"https:\/\/benita-art.lt\/?post_type=product&#038;p=6330"},"modified":"2025-06-18T17:44:07","modified_gmt":"2025-06-18T17:44:07","slug":"blue-calm","status":"publish","type":"product","link":"https:\/\/benita-art.lt\/lt\/produktas\/blue-calm\/","title":{"rendered":"Dykumos kar\u0161tis"},"content":{"rendered":"<p>Abstract painting \u201cDesert Heat\u201d<\/p>\n<p>Akrilas ant drob\u0117s su por\u0117miu, ne\u012fr\u0117mintas<\/p>\n<p>Size: 50cm x 50cm x 1,5cm<\/p>","protected":false},"excerpt":{"rendered":"<p>Abstract painting \u201cDesert Heat\u201d Acrylic on stretched canvas Size: 50cm &hellip;<\/p>","protected":false},"featured_media":3500,"template":"","meta":[],"product_cat":[43],"product_tag":[],"_links":{"self":[{"href":"https:\/\/benita-art.lt\/lt\/wp-json\/wp\/v2\/product\/6330"}],"collection":[{"href":"https:\/\/benita-art.lt\/lt\/wp-json\/wp\/v2\/product"}],"about":[{"href":"https:\/\/benita-art.lt\/lt\/wp-json\/wp\/v2\/types\/product"}],"wp:featuredmedia":[{"embeddable":true,"href":"https:\/\/benita-art.lt\/lt\/wp-json\/wp\/v2\/media\/3500"}],"wp:attachment":[{"href":"https:\/\/benita-art.lt\/lt\/wp-json\/wp\/v2\/media?parent=6330"}],"wp:term":[{"taxonomy":"product_cat","embeddable":true,"href":"https:\/\/benita-art.lt\/lt\/wp-json\/wp\/v2\/product_cat?post=6330"},{"taxonomy":"product_tag","embeddable":true,"href":"https:\/\/benita-art.lt\/lt\/wp-json\/wp\/v2\/product_tag?post=6330"}],"curies":[{"name":"wp","href":"https:\/\/api.w.org\/{rel}","templated":true}]}}