{"id":6328,"date":"2025-06-18T17:37:16","date_gmt":"2025-06-18T17:37:16","guid":{"rendered":"https:\/\/benita-art.lt\/?post_type=product&#038;p=6328"},"modified":"2025-06-18T17:39:11","modified_gmt":"2025-06-18T17:39:11","slug":"blue-calm-ii-2","status":"publish","type":"product","link":"https:\/\/benita-art.lt\/lt\/produktas\/blue-calm-ii-2\/","title":{"rendered":"M\u0117lyna ramyb\u0117 II"},"content":{"rendered":"<p>Akrilas, drob\u0117 su por\u0117miu<\/p>\n<p>Dydis: 30x40x1,5cm<\/p>","protected":false},"excerpt":{"rendered":"<p>Acrylic on Stretched Canvas Size: 30x40x1,5cm<\/p>","protected":false},"featured_media":2263,"template":"","meta":[],"product_cat":[43],"product_tag":[],"_links":{"self":[{"href":"https:\/\/benita-art.lt\/lt\/wp-json\/wp\/v2\/product\/6328"}],"collection":[{"href":"https:\/\/benita-art.lt\/lt\/wp-json\/wp\/v2\/product"}],"about":[{"href":"https:\/\/benita-art.lt\/lt\/wp-json\/wp\/v2\/types\/product"}],"wp:featuredmedia":[{"embeddable":true,"href":"https:\/\/benita-art.lt\/lt\/wp-json\/wp\/v2\/media\/2263"}],"wp:attachment":[{"href":"https:\/\/benita-art.lt\/lt\/wp-json\/wp\/v2\/media?parent=6328"}],"wp:term":[{"taxonomy":"product_cat","embeddable":true,"href":"https:\/\/benita-art.lt\/lt\/wp-json\/wp\/v2\/product_cat?post=6328"},{"taxonomy":"product_tag","embeddable":true,"href":"https:\/\/benita-art.lt\/lt\/wp-json\/wp\/v2\/product_tag?post=6328"}],"curies":[{"name":"wp","href":"https:\/\/api.w.org\/{rel}","templated":true}]}}