{"id":6327,"date":"2025-06-18T17:32:13","date_gmt":"2025-06-18T17:32:13","guid":{"rendered":"https:\/\/benita-art.lt\/?post_type=product&#038;p=6327"},"modified":"2025-06-18T17:34:02","modified_gmt":"2025-06-18T17:34:02","slug":"fabulous-night","status":"publish","type":"product","link":"https:\/\/benita-art.lt\/lt\/produktas\/fabulous-night\/","title":{"rendered":"Pasaki\u0161ka naktis"},"content":{"rendered":"<p>Akrilas, drob\u0117 su por\u0117miu<\/p>\n<p>Dydis: 30x40x1,5cm<\/p>","protected":false},"excerpt":{"rendered":"<p>Acrylic on Stretched Canvas Size: 30x40x1,5cm<\/p>","protected":false},"featured_media":1941,"template":"","meta":[],"product_cat":[43],"product_tag":[],"_links":{"self":[{"href":"https:\/\/benita-art.lt\/lt\/wp-json\/wp\/v2\/product\/6327"}],"collection":[{"href":"https:\/\/benita-art.lt\/lt\/wp-json\/wp\/v2\/product"}],"about":[{"href":"https:\/\/benita-art.lt\/lt\/wp-json\/wp\/v2\/types\/product"}],"wp:featuredmedia":[{"embeddable":true,"href":"https:\/\/benita-art.lt\/lt\/wp-json\/wp\/v2\/media\/1941"}],"wp:attachment":[{"href":"https:\/\/benita-art.lt\/lt\/wp-json\/wp\/v2\/media?parent=6327"}],"wp:term":[{"taxonomy":"product_cat","embeddable":true,"href":"https:\/\/benita-art.lt\/lt\/wp-json\/wp\/v2\/product_cat?post=6327"},{"taxonomy":"product_tag","embeddable":true,"href":"https:\/\/benita-art.lt\/lt\/wp-json\/wp\/v2\/product_tag?post=6327"}],"curies":[{"name":"wp","href":"https:\/\/api.w.org\/{rel}","templated":true}]}}