{"id":6326,"date":"2025-06-18T17:30:12","date_gmt":"2025-06-18T17:30:12","guid":{"rendered":"https:\/\/benita-art.lt\/?post_type=product&#038;p=6326"},"modified":"2025-06-18T17:31:14","modified_gmt":"2025-06-18T17:31:14","slug":"swamp","status":"publish","type":"product","link":"https:\/\/benita-art.lt\/lt\/produktas\/swamp\/","title":{"rendered":"Pelk\u0117"},"content":{"rendered":"<p>Akrilas, drob\u0117 su por\u0117miu<\/p>\n<p>Size: 50x50x1,5cm<\/p>","protected":false},"excerpt":{"rendered":"<p>Acrylic on Stretched Canvas Size: 50x50x1,5cm<\/p>","protected":false},"featured_media":2270,"template":"","meta":[],"product_cat":[43],"product_tag":[],"_links":{"self":[{"href":"https:\/\/benita-art.lt\/lt\/wp-json\/wp\/v2\/product\/6326"}],"collection":[{"href":"https:\/\/benita-art.lt\/lt\/wp-json\/wp\/v2\/product"}],"about":[{"href":"https:\/\/benita-art.lt\/lt\/wp-json\/wp\/v2\/types\/product"}],"wp:featuredmedia":[{"embeddable":true,"href":"https:\/\/benita-art.lt\/lt\/wp-json\/wp\/v2\/media\/2270"}],"wp:attachment":[{"href":"https:\/\/benita-art.lt\/lt\/wp-json\/wp\/v2\/media?parent=6326"}],"wp:term":[{"taxonomy":"product_cat","embeddable":true,"href":"https:\/\/benita-art.lt\/lt\/wp-json\/wp\/v2\/product_cat?post=6326"},{"taxonomy":"product_tag","embeddable":true,"href":"https:\/\/benita-art.lt\/lt\/wp-json\/wp\/v2\/product_tag?post=6326"}],"curies":[{"name":"wp","href":"https:\/\/api.w.org\/{rel}","templated":true}]}}