{"id":6325,"date":"2025-06-18T17:27:21","date_gmt":"2025-06-18T17:27:21","guid":{"rendered":"https:\/\/benita-art.lt\/?post_type=product&#038;p=6325"},"modified":"2025-06-18T17:28:37","modified_gmt":"2025-06-18T17:28:37","slug":"the-wind","status":"publish","type":"product","link":"https:\/\/benita-art.lt\/lt\/produktas\/the-wind\/","title":{"rendered":"V\u0117jas"},"content":{"rendered":"<p>Akrilas, drob\u0117 su por\u0117miu<\/p>\n<p>Size: 180x130x2.5cm<\/p>","protected":false},"excerpt":{"rendered":"<p>Acrylic on Stretched Canvas Size: 180x130x2.5cm<\/p>","protected":false},"featured_media":1985,"template":"","meta":[],"product_cat":[43],"product_tag":[],"_links":{"self":[{"href":"https:\/\/benita-art.lt\/lt\/wp-json\/wp\/v2\/product\/6325"}],"collection":[{"href":"https:\/\/benita-art.lt\/lt\/wp-json\/wp\/v2\/product"}],"about":[{"href":"https:\/\/benita-art.lt\/lt\/wp-json\/wp\/v2\/types\/product"}],"wp:featuredmedia":[{"embeddable":true,"href":"https:\/\/benita-art.lt\/lt\/wp-json\/wp\/v2\/media\/1985"}],"wp:attachment":[{"href":"https:\/\/benita-art.lt\/lt\/wp-json\/wp\/v2\/media?parent=6325"}],"wp:term":[{"taxonomy":"product_cat","embeddable":true,"href":"https:\/\/benita-art.lt\/lt\/wp-json\/wp\/v2\/product_cat?post=6325"},{"taxonomy":"product_tag","embeddable":true,"href":"https:\/\/benita-art.lt\/lt\/wp-json\/wp\/v2\/product_tag?post=6325"}],"curies":[{"name":"wp","href":"https:\/\/api.w.org\/{rel}","templated":true}]}}