{"id":6298,"date":"2025-05-23T14:55:02","date_gmt":"2025-05-23T14:55:02","guid":{"rendered":"https:\/\/benita-art.lt\/?post_type=product&#038;p=6298"},"modified":"2025-05-23T14:58:41","modified_gmt":"2025-05-23T14:58:41","slug":"freshness-ii","status":"publish","type":"product","link":"https:\/\/benita-art.lt\/lt\/produktas\/freshness-ii\/","title":{"rendered":"Freshness II"},"content":{"rendered":"<p>Akrilas ant drob\u0117s su por\u0117miu, ne\u012fr\u0117mintas.<\/p>\n<p>Dydis: 30cm x 40cm x 1,5cm (11.8\u2033 x 3.7\u2033 x 0.6\u2033)<\/p>","protected":false},"excerpt":{"rendered":"<p>Acrylic on stretched canvas, unframed. Size: 30cm x 40cm x &hellip;<\/p>","protected":false},"featured_media":6067,"template":"","meta":[],"product_cat":[43],"product_tag":[],"_links":{"self":[{"href":"https:\/\/benita-art.lt\/lt\/wp-json\/wp\/v2\/product\/6298"}],"collection":[{"href":"https:\/\/benita-art.lt\/lt\/wp-json\/wp\/v2\/product"}],"about":[{"href":"https:\/\/benita-art.lt\/lt\/wp-json\/wp\/v2\/types\/product"}],"wp:featuredmedia":[{"embeddable":true,"href":"https:\/\/benita-art.lt\/lt\/wp-json\/wp\/v2\/media\/6067"}],"wp:attachment":[{"href":"https:\/\/benita-art.lt\/lt\/wp-json\/wp\/v2\/media?parent=6298"}],"wp:term":[{"taxonomy":"product_cat","embeddable":true,"href":"https:\/\/benita-art.lt\/lt\/wp-json\/wp\/v2\/product_cat?post=6298"},{"taxonomy":"product_tag","embeddable":true,"href":"https:\/\/benita-art.lt\/lt\/wp-json\/wp\/v2\/product_tag?post=6298"}],"curies":[{"name":"wp","href":"https:\/\/api.w.org\/{rel}","templated":true}]}}