{"id":6297,"date":"2025-05-23T14:50:50","date_gmt":"2025-05-23T14:50:50","guid":{"rendered":"https:\/\/benita-art.lt\/?post_type=product&#038;p=6297"},"modified":"2025-05-23T14:59:58","modified_gmt":"2025-05-23T14:59:58","slug":"trip-to-the-mountains","status":"publish","type":"product","link":"https:\/\/benita-art.lt\/lt\/produktas\/trip-to-the-mountains\/","title":{"rendered":"Trip to the Mountains"},"content":{"rendered":"<p>Mi\u0161ri technika. Drob\u0117 su por\u0117miu. Ne\u012fr\u0117minta, paruo\u0161ta kabinimui.<\/p>\n<p>Size: 40cm x 50cm x 1,5cm<\/p>","protected":false},"excerpt":{"rendered":"<p>Mixed media on stretched canvas, unframed, ready to hang. Size: &hellip;<\/p>","protected":false},"featured_media":5372,"template":"","meta":[],"product_cat":[43],"product_tag":[],"_links":{"self":[{"href":"https:\/\/benita-art.lt\/lt\/wp-json\/wp\/v2\/product\/6297"}],"collection":[{"href":"https:\/\/benita-art.lt\/lt\/wp-json\/wp\/v2\/product"}],"about":[{"href":"https:\/\/benita-art.lt\/lt\/wp-json\/wp\/v2\/types\/product"}],"wp:featuredmedia":[{"embeddable":true,"href":"https:\/\/benita-art.lt\/lt\/wp-json\/wp\/v2\/media\/5372"}],"wp:attachment":[{"href":"https:\/\/benita-art.lt\/lt\/wp-json\/wp\/v2\/media?parent=6297"}],"wp:term":[{"taxonomy":"product_cat","embeddable":true,"href":"https:\/\/benita-art.lt\/lt\/wp-json\/wp\/v2\/product_cat?post=6297"},{"taxonomy":"product_tag","embeddable":true,"href":"https:\/\/benita-art.lt\/lt\/wp-json\/wp\/v2\/product_tag?post=6297"}],"curies":[{"name":"wp","href":"https:\/\/api.w.org\/{rel}","templated":true}]}}