{"id":6243,"date":"2024-11-01T08:17:10","date_gmt":"2024-11-01T08:17:10","guid":{"rendered":"https:\/\/benita-art.lt\/?post_type=product&#038;p=6243"},"modified":"2026-03-24T11:25:13","modified_gmt":"2026-03-24T08:25:13","slug":"shine","status":"publish","type":"product","link":"https:\/\/benita-art.lt\/lt\/produktas\/shine\/","title":{"rendered":"The Shining"},"content":{"rendered":"<p>&nbsp;<\/p>\n<p>Technika: Mi\u0161ri technika ant drob\u0117s su por\u0117miu<\/p>\n<p>Dimensions: 110cm x 80cm x 2,5cm<\/p>\n<p>Autor\u0117: Benita Mal\u010di\u016bt\u0117<\/p>\n<p>Paveikslo spalvos gali \u0161iek tiek skirtis, priklausomai nuo ekrano nustatym\u0173.<\/p>\n<p>&nbsp;<\/p>\n<p><a href=\"https:\/\/benita-art.lt\/lt\/shop\/original-paintings\/\"><button class=\"single_add_to_cart_button button alt wp-element-button\">Daugiau paveiksl\u0173<\/button><\/a><\/p>\n<p>&nbsp;<\/p>\n<p><a href=\"https:\/\/benita-art.lt\/lt\/shipping-policy\/\">Pristatymo informacija<\/a><\/p>","protected":false},"excerpt":{"rendered":"<p>&nbsp; Medium: Mixed media on canvas Dimensions: 110cm x 80cm &hellip;<\/p>","protected":false},"featured_media":6244,"template":"","meta":[],"product_cat":[43],"product_tag":[],"_links":{"self":[{"href":"https:\/\/benita-art.lt\/lt\/wp-json\/wp\/v2\/product\/6243"}],"collection":[{"href":"https:\/\/benita-art.lt\/lt\/wp-json\/wp\/v2\/product"}],"about":[{"href":"https:\/\/benita-art.lt\/lt\/wp-json\/wp\/v2\/types\/product"}],"wp:featuredmedia":[{"embeddable":true,"href":"https:\/\/benita-art.lt\/lt\/wp-json\/wp\/v2\/media\/6244"}],"wp:attachment":[{"href":"https:\/\/benita-art.lt\/lt\/wp-json\/wp\/v2\/media?parent=6243"}],"wp:term":[{"taxonomy":"product_cat","embeddable":true,"href":"https:\/\/benita-art.lt\/lt\/wp-json\/wp\/v2\/product_cat?post=6243"},{"taxonomy":"product_tag","embeddable":true,"href":"https:\/\/benita-art.lt\/lt\/wp-json\/wp\/v2\/product_tag?post=6243"}],"curies":[{"name":"wp","href":"https:\/\/api.w.org\/{rel}","templated":true}]}}