{"id":6081,"date":"2024-02-09T09:27:32","date_gmt":"2024-02-09T09:27:32","guid":{"rendered":"https:\/\/benita-art.lt\/?post_type=product&#038;p=6081"},"modified":"2026-03-24T11:29:45","modified_gmt":"2026-03-24T08:29:45","slug":"junction","status":"publish","type":"product","link":"https:\/\/benita-art.lt\/lt\/produktas\/junction\/","title":{"rendered":"Sand\u016bra"},"content":{"rendered":"<p>&nbsp;<\/p>\n<p>\u201eSand\u016bra\u201c - subtilus \u017eali\u0173 ir balt\u0173 atspalvi\u0173 su auksiniais akcentais derinys. \u0160is mi\u0161rios technikos abstraktus paveikslas \u012fk\u016bnija harmonij\u0105, randam\u0105 kontrasting\u0173 element\u0173 susid\u016brimo metu. Auksiniai akcentai suteikia eleganti\u0161kumo ir sukuria dinami\u0161k\u0105 spalv\u0173 ir tekst\u016br\u0173 s\u0105veik\u0105.<\/p>\n<p>Praturtinkite erdv\u0119 su moderniu paveikslu ''Sand\u016bra''.<\/p>\n<p>&nbsp;<\/p>\n<p>Autor\u0117: Benita Mal\u010di\u016bt\u0117<\/p>\n<p>Please note that the artwork&#8217;s colors may appear slightly different on your screen due to varying monitor settings.<\/p>\n<p>&nbsp;<\/p>\n<p><a href=\"https:\/\/benita-art.lt\/lt\/shop\/original-paintings\/\"><button class=\"single_add_to_cart_button button alt wp-element-button\">Daugiau paveiksl\u0173<\/button><\/a><\/p>\n<p>&nbsp;<\/p>\n<p><a href=\"https:\/\/benita-art.lt\/lt\/shipping-policy\/\">Pristatymo informacija<\/a><\/p>","protected":false},"excerpt":{"rendered":"<p>Technika: Mi\u0161ri technika ant drob\u0117s su por\u0117miu<\/p>\n<p>Dimensions: 70cm x 100cm x 2,5cm<\/p>","protected":false},"featured_media":6087,"template":"","meta":[],"product_cat":[74,43],"product_tag":[],"_links":{"self":[{"href":"https:\/\/benita-art.lt\/lt\/wp-json\/wp\/v2\/product\/6081"}],"collection":[{"href":"https:\/\/benita-art.lt\/lt\/wp-json\/wp\/v2\/product"}],"about":[{"href":"https:\/\/benita-art.lt\/lt\/wp-json\/wp\/v2\/types\/product"}],"wp:featuredmedia":[{"embeddable":true,"href":"https:\/\/benita-art.lt\/lt\/wp-json\/wp\/v2\/media\/6087"}],"wp:attachment":[{"href":"https:\/\/benita-art.lt\/lt\/wp-json\/wp\/v2\/media?parent=6081"}],"wp:term":[{"taxonomy":"product_cat","embeddable":true,"href":"https:\/\/benita-art.lt\/lt\/wp-json\/wp\/v2\/product_cat?post=6081"},{"taxonomy":"product_tag","embeddable":true,"href":"https:\/\/benita-art.lt\/lt\/wp-json\/wp\/v2\/product_tag?post=6081"}],"curies":[{"name":"wp","href":"https:\/\/api.w.org\/{rel}","templated":true}]}}