{"id":6062,"date":"2024-01-25T16:51:02","date_gmt":"2024-01-25T16:51:02","guid":{"rendered":"https:\/\/benita-art.lt\/?post_type=product&#038;p=6062"},"modified":"2025-11-30T18:54:23","modified_gmt":"2025-11-30T15:54:23","slug":"ice-flowers","status":"publish","type":"product","link":"https:\/\/benita-art.lt\/lt\/produktas\/ice-flowers\/","title":{"rendered":"Ice Flowers"},"content":{"rendered":"<p>&#8220;Ice Flowers&#8221; is an abstract textured painting that captures the essence of delicate frozen blossoms amidst a wintry landscape. Layers of cool, icy hues meld together to form a mesmerizing tapestry of frosty tones. The artist employs a variety of techniques to create composition, from subtle brushstrokes to bold impasto applications. Flecks of shimmering silver and pale blue add a touch of ethereal beauty, reminiscent of sunlight glinting off freshly fallen snow. &#8220;Ice Flowers&#8221; invites viewers to immerse themselves in a world of serene tranquility, where the beauty of nature&#8217;s frozen wonders is captured in every brushstroke.<\/p>\n<p>Mi\u0161ri technika. Drob\u0117 su por\u0117miu. Ne\u012fr\u0117minta, paruo\u0161ta kabinimui.<\/p>\n<p>Dydis: 50cm x 50cm x 3,5 cm<\/p>\n<p>Pridedamas autenti\u0161kumo sertifikatas.<\/p>\n<p>Paveikslo spalvos gali \u0161iek tiek skirtis, priklausomai nuo ekrano nustatym\u0173.<\/p>\n<p>&nbsp;<\/p>\n<p><a href=\"https:\/\/benita-art.lt\/lt\/shop\/original-paintings\/\"><button class=\"single_add_to_cart_button button alt wp-element-button\">Daugiau paveiksl\u0173<\/button><\/a><\/p>\n<p>&nbsp;<\/p>\n<p><a href=\"https:\/\/benita-art.lt\/lt\/shipping-policy\/\">Pristatymo informacija<\/a><\/p>","protected":false},"excerpt":{"rendered":"<p>&#8220;Ice Flowers&#8221; is an abstract textured painting that captures the &hellip;<\/p>","protected":false},"featured_media":6063,"template":"","meta":[],"product_cat":[43],"product_tag":[],"_links":{"self":[{"href":"https:\/\/benita-art.lt\/lt\/wp-json\/wp\/v2\/product\/6062"}],"collection":[{"href":"https:\/\/benita-art.lt\/lt\/wp-json\/wp\/v2\/product"}],"about":[{"href":"https:\/\/benita-art.lt\/lt\/wp-json\/wp\/v2\/types\/product"}],"wp:featuredmedia":[{"embeddable":true,"href":"https:\/\/benita-art.lt\/lt\/wp-json\/wp\/v2\/media\/6063"}],"wp:attachment":[{"href":"https:\/\/benita-art.lt\/lt\/wp-json\/wp\/v2\/media?parent=6062"}],"wp:term":[{"taxonomy":"product_cat","embeddable":true,"href":"https:\/\/benita-art.lt\/lt\/wp-json\/wp\/v2\/product_cat?post=6062"},{"taxonomy":"product_tag","embeddable":true,"href":"https:\/\/benita-art.lt\/lt\/wp-json\/wp\/v2\/product_tag?post=6062"}],"curies":[{"name":"wp","href":"https:\/\/api.w.org\/{rel}","templated":true}]}}