{"id":6042,"date":"2024-01-15T12:38:26","date_gmt":"2024-01-15T12:38:26","guid":{"rendered":"https:\/\/benita-art.lt\/?post_type=product&#038;p=6042"},"modified":"2026-03-24T11:30:55","modified_gmt":"2026-03-24T08:30:55","slug":"autumn-breath","status":"publish","type":"product","link":"https:\/\/benita-art.lt\/lt\/produktas\/autumn-breath\/","title":{"rendered":"Rudens kv\u0117pavimas"},"content":{"rendered":"<p>Mi\u0161ri technika. Drob\u0117 su por\u0117miu. Ne\u012fr\u0117minta, paruo\u0161ta kabinimui.<\/p>\n<p>Dydis: 30cm x 40cm x 1,5cm (11.8\u2033 x 3.7\u2033 x 0.6\u2033)<\/p>\n<p>Pridedamas autenti\u0161kumo sertifikatas.<\/p>\n<p>Paveikslo spalvos gali \u0161iek tiek skirtis, priklausomai nuo ekrano nustatym\u0173.<\/p>\n<p>&nbsp;<\/p>\n<p>Paveiksle vyrauja pilkos ir oran\u017ein\u0117s spalv\u0173 palet\u0117. Tekst\u016bruoti pot\u0117piai perteikia nukritusi\u0173 lap\u0173, pasitinkan\u010di\u0173 pirm\u0105j\u012f snieg\u0105, esm\u0119. \u0160alt\u0173 ir \u0161ilt\u0173 ton\u0173 s\u0105veika atspindi subtili\u0105 sezon\u0173 pusiausvyr\u0105, o tekst\u016bros sluoksniai prideda gylio, u\u017efiksuodami rudens ir \u017eiemos sand\u016br\u0105.<\/p>\n<p>&nbsp;<\/p>\n<p><a href=\"https:\/\/benita-art.lt\/lt\/shop\/original-paintings\/\"><button class=\"single_add_to_cart_button button alt wp-element-button\">Daugiau paveiksl\u0173<\/button><\/a><\/p>\n<p>&nbsp;<\/p>\n<p><a href=\"https:\/\/benita-art.lt\/lt\/shipping-policy\/\">Pristatymo informacija<\/a><\/p>","protected":false},"excerpt":{"rendered":"<p>Mixed media on stretched canvas, unframed, ready to hang. Size: &hellip;<\/p>","protected":false},"featured_media":6043,"template":"","meta":[],"product_cat":[74,43],"product_tag":[],"_links":{"self":[{"href":"https:\/\/benita-art.lt\/lt\/wp-json\/wp\/v2\/product\/6042"}],"collection":[{"href":"https:\/\/benita-art.lt\/lt\/wp-json\/wp\/v2\/product"}],"about":[{"href":"https:\/\/benita-art.lt\/lt\/wp-json\/wp\/v2\/types\/product"}],"wp:featuredmedia":[{"embeddable":true,"href":"https:\/\/benita-art.lt\/lt\/wp-json\/wp\/v2\/media\/6043"}],"wp:attachment":[{"href":"https:\/\/benita-art.lt\/lt\/wp-json\/wp\/v2\/media?parent=6042"}],"wp:term":[{"taxonomy":"product_cat","embeddable":true,"href":"https:\/\/benita-art.lt\/lt\/wp-json\/wp\/v2\/product_cat?post=6042"},{"taxonomy":"product_tag","embeddable":true,"href":"https:\/\/benita-art.lt\/lt\/wp-json\/wp\/v2\/product_tag?post=6042"}],"curies":[{"name":"wp","href":"https:\/\/api.w.org\/{rel}","templated":true}]}}