{"id":5861,"date":"2023-07-03T06:12:14","date_gmt":"2023-07-03T06:12:14","guid":{"rendered":"https:\/\/benita-art.lt\/?post_type=product&#038;p=5861"},"modified":"2026-03-24T11:34:40","modified_gmt":"2026-03-24T08:34:40","slug":"underground","status":"publish","type":"product","link":"https:\/\/benita-art.lt\/lt\/produktas\/underground\/","title":{"rendered":"Po \u017eeme"},"content":{"rendered":"<p>Mi\u0161ri technika. Drob\u0117 su por\u0117miu. Ne\u012fr\u0117minta, paruo\u0161ta kabinimui.<\/p>\n<p>Dydis: 50cm x 70cm x 1,5cm (19.7\u2033 x 27.5\u2033 x 0.6\u2033)<\/p>\n<p>Pridedamas autenti\u0161kumo sertifikatas.<\/p>\n<p>&nbsp;<\/p>\n<p><a href=\"https:\/\/benita-art.lt\/lt\/shop\/original-paintings\/\"><button class=\"single_add_to_cart_button button alt wp-element-button\">Daugiau paveiksl\u0173<\/button><\/a><\/p>\n<p>&nbsp;<\/p>\n<p><a href=\"https:\/\/benita-art.lt\/lt\/shipping-policy\/\">Pristatymo informacija<\/a><\/p>","protected":false},"excerpt":{"rendered":"<p>Mixed media on stretched canvas, unframed, ready to hang. Size: &hellip;<\/p>","protected":false},"featured_media":5867,"template":"","meta":[],"product_cat":[43],"product_tag":[],"_links":{"self":[{"href":"https:\/\/benita-art.lt\/lt\/wp-json\/wp\/v2\/product\/5861"}],"collection":[{"href":"https:\/\/benita-art.lt\/lt\/wp-json\/wp\/v2\/product"}],"about":[{"href":"https:\/\/benita-art.lt\/lt\/wp-json\/wp\/v2\/types\/product"}],"wp:featuredmedia":[{"embeddable":true,"href":"https:\/\/benita-art.lt\/lt\/wp-json\/wp\/v2\/media\/5867"}],"wp:attachment":[{"href":"https:\/\/benita-art.lt\/lt\/wp-json\/wp\/v2\/media?parent=5861"}],"wp:term":[{"taxonomy":"product_cat","embeddable":true,"href":"https:\/\/benita-art.lt\/lt\/wp-json\/wp\/v2\/product_cat?post=5861"},{"taxonomy":"product_tag","embeddable":true,"href":"https:\/\/benita-art.lt\/lt\/wp-json\/wp\/v2\/product_tag?post=5861"}],"curies":[{"name":"wp","href":"https:\/\/api.w.org\/{rel}","templated":true}]}}