{"id":5793,"date":"2023-03-27T08:01:20","date_gmt":"2023-03-27T08:01:20","guid":{"rendered":"https:\/\/benita-art.lt\/?post_type=product&#038;p=5793"},"modified":"2026-03-24T11:38:56","modified_gmt":"2026-03-24T08:38:56","slug":"5793","status":"publish","type":"product","link":"https:\/\/benita-art.lt\/lt\/produktas\/5793\/","title":{"rendered":"\u017daliasis Holas II"},"content":{"rendered":"<p>\u017demi\u0161ki tonai puikiai tinks \u0161iuolaikiniame interjere.<\/p>\n<p>\u0160is paveikslas atne\u0161 \u0161ilumos ir jaukumo bet kuriai erdvei.<\/p>\n<p>Mi\u0161ri technika ant drob\u0117s<\/p>\n<p>Dydis: 100cm x 140cm<\/p>\n<p>Pridedamas autenti\u0161kumo sertifikatas.<\/p>\n<p>&nbsp;<\/p>\n<p><a href=\"https:\/\/benita-art.lt\/lt\/shop\/prints\/\">Daugiau paveiksl\u0173<\/a><\/p>\n<p><a href=\"https:\/\/benita-art.lt\/lt\/shipping-policy\/\"><br \/>\n<button class=\"single_add_to_cart_button button alt wp-element-button\">Shipping details<\/button><\/a><\/p>","protected":false},"excerpt":{"rendered":"<p>The earthy brown tones make it perfect for a modern &hellip;<\/p>","protected":false},"featured_media":5798,"template":"","meta":[],"product_cat":[43],"product_tag":[],"_links":{"self":[{"href":"https:\/\/benita-art.lt\/lt\/wp-json\/wp\/v2\/product\/5793"}],"collection":[{"href":"https:\/\/benita-art.lt\/lt\/wp-json\/wp\/v2\/product"}],"about":[{"href":"https:\/\/benita-art.lt\/lt\/wp-json\/wp\/v2\/types\/product"}],"wp:featuredmedia":[{"embeddable":true,"href":"https:\/\/benita-art.lt\/lt\/wp-json\/wp\/v2\/media\/5798"}],"wp:attachment":[{"href":"https:\/\/benita-art.lt\/lt\/wp-json\/wp\/v2\/media?parent=5793"}],"wp:term":[{"taxonomy":"product_cat","embeddable":true,"href":"https:\/\/benita-art.lt\/lt\/wp-json\/wp\/v2\/product_cat?post=5793"},{"taxonomy":"product_tag","embeddable":true,"href":"https:\/\/benita-art.lt\/lt\/wp-json\/wp\/v2\/product_tag?post=5793"}],"curies":[{"name":"wp","href":"https:\/\/api.w.org\/{rel}","templated":true}]}}