{"id":5633,"date":"2023-02-07T11:17:49","date_gmt":"2023-02-07T11:17:49","guid":{"rendered":"https:\/\/benita-art.lt\/?post_type=product&#038;p=5633"},"modified":"2026-03-24T11:41:10","modified_gmt":"2026-03-24T08:41:10","slug":"life-waves","status":"publish","type":"product","link":"https:\/\/benita-art.lt\/lt\/produktas\/life-waves\/","title":{"rendered":"Gyvenimo bangos"},"content":{"rendered":"<p>An abstract painting inspired by sea waves and life is a dynamic and flowing composition, with swirling lines and shapes that evoke the movement and energy of the ocean. A minimalistic color palette includes shades of blue and gold that suggest the diversity of life.<\/p>\n<p>The painting includes broad, sweeping strokes that suggest the rolling motion of waves. There are areas of intense texture with thick layers of paint that suggest the rugged terrain of a rocky shoreline or areas of more subtle shading and blending that suggest the delicate interplay of light and water.<\/p>\n<p>Mi\u0161ri technika. Drob\u0117 su por\u0117miu. Ne\u012fr\u0117minta, paruo\u0161ta kabinimui.<\/p>\n<p>Dydis: 70cm x 70cm x 2cm (27.5\u2033 x 27.5\u2033 x 0.8\u2033)<\/p>\n<p>Pridedamas autenti\u0161kumo sertifikatas.<\/p>","protected":false},"excerpt":{"rendered":"<p>An abstract painting inspired by sea waves and life is &hellip;<\/p>","protected":false},"featured_media":5634,"template":"","meta":[],"product_cat":[43],"product_tag":[],"_links":{"self":[{"href":"https:\/\/benita-art.lt\/lt\/wp-json\/wp\/v2\/product\/5633"}],"collection":[{"href":"https:\/\/benita-art.lt\/lt\/wp-json\/wp\/v2\/product"}],"about":[{"href":"https:\/\/benita-art.lt\/lt\/wp-json\/wp\/v2\/types\/product"}],"wp:featuredmedia":[{"embeddable":true,"href":"https:\/\/benita-art.lt\/lt\/wp-json\/wp\/v2\/media\/5634"}],"wp:attachment":[{"href":"https:\/\/benita-art.lt\/lt\/wp-json\/wp\/v2\/media?parent=5633"}],"wp:term":[{"taxonomy":"product_cat","embeddable":true,"href":"https:\/\/benita-art.lt\/lt\/wp-json\/wp\/v2\/product_cat?post=5633"},{"taxonomy":"product_tag","embeddable":true,"href":"https:\/\/benita-art.lt\/lt\/wp-json\/wp\/v2\/product_tag?post=5633"}],"curies":[{"name":"wp","href":"https:\/\/api.w.org\/{rel}","templated":true}]}}