{"id":5610,"date":"2022-12-17T13:53:58","date_gmt":"2022-12-17T13:53:58","guid":{"rendered":"https:\/\/benita-art.lt\/?post_type=product&#038;p=5610"},"modified":"2026-03-24T11:43:47","modified_gmt":"2026-03-24T08:43:47","slug":"precipitance","status":"publish","type":"product","link":"https:\/\/benita-art.lt\/lt\/produktas\/precipitance\/","title":{"rendered":"Ver\u017elumas"},"content":{"rendered":"<p>Mi\u0161ri technika, drob\u0117 ant por\u0117mio, ne\u012fr\u0117mintas.<\/p>\n<p>Dydis: 100cm x 130cm<\/p>\n<p>Pridedamas autenti\u0161kumo sertifikatas.<\/p>\n<p>&nbsp;<\/p>","protected":false},"excerpt":{"rendered":"<p>Mixed media on Stretched canvas, unframed. Size: 100cm x 130cm &hellip;<\/p>","protected":false},"featured_media":5615,"template":"","meta":[],"product_cat":[43],"product_tag":[],"_links":{"self":[{"href":"https:\/\/benita-art.lt\/lt\/wp-json\/wp\/v2\/product\/5610"}],"collection":[{"href":"https:\/\/benita-art.lt\/lt\/wp-json\/wp\/v2\/product"}],"about":[{"href":"https:\/\/benita-art.lt\/lt\/wp-json\/wp\/v2\/types\/product"}],"wp:featuredmedia":[{"embeddable":true,"href":"https:\/\/benita-art.lt\/lt\/wp-json\/wp\/v2\/media\/5615"}],"wp:attachment":[{"href":"https:\/\/benita-art.lt\/lt\/wp-json\/wp\/v2\/media?parent=5610"}],"wp:term":[{"taxonomy":"product_cat","embeddable":true,"href":"https:\/\/benita-art.lt\/lt\/wp-json\/wp\/v2\/product_cat?post=5610"},{"taxonomy":"product_tag","embeddable":true,"href":"https:\/\/benita-art.lt\/lt\/wp-json\/wp\/v2\/product_tag?post=5610"}],"curies":[{"name":"wp","href":"https:\/\/api.w.org\/{rel}","templated":true}]}}