{"id":5378,"date":"2022-10-17T12:11:07","date_gmt":"2022-10-17T12:11:07","guid":{"rendered":"https:\/\/benita-art.lt\/?post_type=product&#038;p=5378"},"modified":"2025-05-24T19:27:15","modified_gmt":"2025-05-24T19:27:15","slug":"freshness","status":"publish","type":"product","link":"https:\/\/benita-art.lt\/lt\/produktas\/freshness\/","title":{"rendered":"Atgaiva"},"content":{"rendered":"<p>This abstract artwork radiates positivity and celebrates the exuberance of nature awakening in the gentle embrace of spring.<\/p>\n<p>Mi\u0161ri technika. Drob\u0117 su por\u0117miu. Ne\u012fr\u0117minta, paruo\u0161ta kabinimui.<\/p>\n<p>Dydis: 70cm x 70cm x 2cm (27.5\u2033 x 27.5\u2033 x 0.8\u2033)<\/p>\n<p>Pridedamas autenti\u0161kumo sertifikatas.<\/p>\n<p>Nor\u0117dami ap\u017ei\u016br\u0117ti paveiksl\u0105 gyvai Vilniuje, susisiekite \u017einute.<\/p>","protected":false},"excerpt":{"rendered":"<p>This abstract artwork radiates positivity and celebrates the exuberance of &hellip;<\/p>","protected":false},"featured_media":5379,"template":"","meta":[],"product_cat":[43],"product_tag":[],"_links":{"self":[{"href":"https:\/\/benita-art.lt\/lt\/wp-json\/wp\/v2\/product\/5378"}],"collection":[{"href":"https:\/\/benita-art.lt\/lt\/wp-json\/wp\/v2\/product"}],"about":[{"href":"https:\/\/benita-art.lt\/lt\/wp-json\/wp\/v2\/types\/product"}],"wp:featuredmedia":[{"embeddable":true,"href":"https:\/\/benita-art.lt\/lt\/wp-json\/wp\/v2\/media\/5379"}],"wp:attachment":[{"href":"https:\/\/benita-art.lt\/lt\/wp-json\/wp\/v2\/media?parent=5378"}],"wp:term":[{"taxonomy":"product_cat","embeddable":true,"href":"https:\/\/benita-art.lt\/lt\/wp-json\/wp\/v2\/product_cat?post=5378"},{"taxonomy":"product_tag","embeddable":true,"href":"https:\/\/benita-art.lt\/lt\/wp-json\/wp\/v2\/product_tag?post=5378"}],"curies":[{"name":"wp","href":"https:\/\/api.w.org\/{rel}","templated":true}]}}