{"id":5285,"date":"2022-09-19T10:35:19","date_gmt":"2022-09-19T10:35:19","guid":{"rendered":"https:\/\/benita-art.lt\/?post_type=product&#038;p=5285"},"modified":"2025-11-20T14:14:19","modified_gmt":"2025-11-20T11:14:19","slug":"green-hall","status":"publish","type":"product","link":"https:\/\/benita-art.lt\/lt\/produktas\/green-hall\/","title":{"rendered":"\u017daliasis Holas"},"content":{"rendered":"<p>Mi\u0161ri technika. Drob\u0117 su por\u0117miu. Ne\u012fr\u0117minta, paruo\u0161ta kabinimui.<\/p>\n<p>Dydis: 50cm x 70cm x 1,5cm (19.7\u2033 x 27.5\u2033 x 0.6\u2033)<\/p>\n<p>Pridedamas autenti\u0161kumo sertifikatas.<\/p>\n<p>Nor\u0117dami ap\u017ei\u016br\u0117ti paveiksl\u0105 gyvai Vilniuje, susisiekite \u017einute.<\/p>","protected":false},"excerpt":{"rendered":"<p>Mixed media on stretched canvas, unframed, ready to hang. Size: &hellip;<\/p>","protected":false},"featured_media":5290,"template":"","meta":[],"product_cat":[43],"product_tag":[],"_links":{"self":[{"href":"https:\/\/benita-art.lt\/lt\/wp-json\/wp\/v2\/product\/5285"}],"collection":[{"href":"https:\/\/benita-art.lt\/lt\/wp-json\/wp\/v2\/product"}],"about":[{"href":"https:\/\/benita-art.lt\/lt\/wp-json\/wp\/v2\/types\/product"}],"wp:featuredmedia":[{"embeddable":true,"href":"https:\/\/benita-art.lt\/lt\/wp-json\/wp\/v2\/media\/5290"}],"wp:attachment":[{"href":"https:\/\/benita-art.lt\/lt\/wp-json\/wp\/v2\/media?parent=5285"}],"wp:term":[{"taxonomy":"product_cat","embeddable":true,"href":"https:\/\/benita-art.lt\/lt\/wp-json\/wp\/v2\/product_cat?post=5285"},{"taxonomy":"product_tag","embeddable":true,"href":"https:\/\/benita-art.lt\/lt\/wp-json\/wp\/v2\/product_tag?post=5285"}],"curies":[{"name":"wp","href":"https:\/\/api.w.org\/{rel}","templated":true}]}}