{"id":4933,"date":"2022-07-14T16:04:42","date_gmt":"2022-07-14T16:04:42","guid":{"rendered":"https:\/\/benita-art.lt\/?post_type=product&#038;p=4933"},"modified":"2026-03-24T11:48:57","modified_gmt":"2026-03-24T08:48:57","slug":"little-horizon-ii","status":"publish","type":"product","link":"https:\/\/benita-art.lt\/lt\/produktas\/little-horizon-ii\/","title":{"rendered":"Ma\u017easis Horizontas II"},"content":{"rendered":"<p>Mi\u0161ri technika ant drob\u0117s su por\u0117miu, ne\u012fr\u0117mintas.<\/p>\n<p>Size: 30cm x 30cm x 1,5cm<\/p>\n<p>Pridedamas autenti\u0161kumo sertifikatas.<\/p>\n<p>Nor\u0117dami ap\u017ei\u016br\u0117ti paveiksl\u0105 gyvai Vilniuje, susisiekite \u017einute.<\/p>","protected":false},"excerpt":{"rendered":"<p>Mixed media on stretched canvas, unframed. Size: 30cm x 30cm &hellip;<\/p>","protected":false},"featured_media":4937,"template":"","meta":[],"product_cat":[43],"product_tag":[],"_links":{"self":[{"href":"https:\/\/benita-art.lt\/lt\/wp-json\/wp\/v2\/product\/4933"}],"collection":[{"href":"https:\/\/benita-art.lt\/lt\/wp-json\/wp\/v2\/product"}],"about":[{"href":"https:\/\/benita-art.lt\/lt\/wp-json\/wp\/v2\/types\/product"}],"wp:featuredmedia":[{"embeddable":true,"href":"https:\/\/benita-art.lt\/lt\/wp-json\/wp\/v2\/media\/4937"}],"wp:attachment":[{"href":"https:\/\/benita-art.lt\/lt\/wp-json\/wp\/v2\/media?parent=4933"}],"wp:term":[{"taxonomy":"product_cat","embeddable":true,"href":"https:\/\/benita-art.lt\/lt\/wp-json\/wp\/v2\/product_cat?post=4933"},{"taxonomy":"product_tag","embeddable":true,"href":"https:\/\/benita-art.lt\/lt\/wp-json\/wp\/v2\/product_tag?post=4933"}],"curies":[{"name":"wp","href":"https:\/\/api.w.org\/{rel}","templated":true}]}}