{"id":4612,"date":"2022-04-05T08:38:41","date_gmt":"2022-04-05T08:38:41","guid":{"rendered":"https:\/\/benita-art.lt\/?post_type=product&#038;p=4612"},"modified":"2024-02-28T21:12:19","modified_gmt":"2024-02-28T21:12:19","slug":"waiting","status":"publish","type":"product","link":"https:\/\/benita-art.lt\/lt\/produktas\/waiting\/","title":{"rendered":"Laukimas"},"content":{"rendered":"<p>Akrilas ant drob\u0117s su por\u0117miu. Ne\u012fr\u0117minta, paruo\u0161ta kabinimui.<\/p>\n<p>Dydis: 70cm x 100cm x 2cm<\/p>\n<p>Pridedamas autenti\u0161kumo sertifikatas.<\/p>\n<p>Nor\u0117dami ap\u017ei\u016br\u0117ti paveiksl\u0105 gyvai Vilniuje, susisiekite \u017einute.<\/p>","protected":false},"excerpt":{"rendered":"<p>Acrylic on stretched canvas, unframed, ready to hang. Size: 70cm &hellip;<\/p>","protected":false},"featured_media":2034,"template":"","meta":[],"product_cat":[43],"product_tag":[],"_links":{"self":[{"href":"https:\/\/benita-art.lt\/lt\/wp-json\/wp\/v2\/product\/4612"}],"collection":[{"href":"https:\/\/benita-art.lt\/lt\/wp-json\/wp\/v2\/product"}],"about":[{"href":"https:\/\/benita-art.lt\/lt\/wp-json\/wp\/v2\/types\/product"}],"wp:featuredmedia":[{"embeddable":true,"href":"https:\/\/benita-art.lt\/lt\/wp-json\/wp\/v2\/media\/2034"}],"wp:attachment":[{"href":"https:\/\/benita-art.lt\/lt\/wp-json\/wp\/v2\/media?parent=4612"}],"wp:term":[{"taxonomy":"product_cat","embeddable":true,"href":"https:\/\/benita-art.lt\/lt\/wp-json\/wp\/v2\/product_cat?post=4612"},{"taxonomy":"product_tag","embeddable":true,"href":"https:\/\/benita-art.lt\/lt\/wp-json\/wp\/v2\/product_tag?post=4612"}],"curies":[{"name":"wp","href":"https:\/\/api.w.org\/{rel}","templated":true}]}}