{"id":4611,"date":"2022-04-19T14:50:33","date_gmt":"2022-04-19T14:50:33","guid":{"rendered":"https:\/\/benita-art.lt\/?post_type=product&#038;p=4611"},"modified":"2025-08-18T20:28:18","modified_gmt":"2025-08-18T20:28:18","slug":"gates","status":"publish","type":"product","link":"https:\/\/benita-art.lt\/lt\/produktas\/gates\/","title":{"rendered":"Vartai"},"content":{"rendered":"<p>Mi\u0161ri technika. Drob\u0117 su por\u0117miu. Ne\u012fr\u0117minta, paruo\u0161ta kabinimui.<\/p>\n<p>Dydis: 100cm x 100cm x 2,5cm<\/p>\n<p>Pridedamas autenti\u0161kumo sertifikatas.<\/p>\n<p>Nor\u0117dami ap\u017ei\u016br\u0117ti paveiksl\u0105 gyvai Vilniuje, susisiekite \u017einute.<\/p>","protected":false},"excerpt":{"rendered":"<p>Mixed media on stretched canvas, unframed, ready to hang. Size: &hellip;<\/p>","protected":false},"featured_media":4617,"template":"","meta":[],"product_cat":[43],"product_tag":[],"_links":{"self":[{"href":"https:\/\/benita-art.lt\/lt\/wp-json\/wp\/v2\/product\/4611"}],"collection":[{"href":"https:\/\/benita-art.lt\/lt\/wp-json\/wp\/v2\/product"}],"about":[{"href":"https:\/\/benita-art.lt\/lt\/wp-json\/wp\/v2\/types\/product"}],"wp:featuredmedia":[{"embeddable":true,"href":"https:\/\/benita-art.lt\/lt\/wp-json\/wp\/v2\/media\/4617"}],"wp:attachment":[{"href":"https:\/\/benita-art.lt\/lt\/wp-json\/wp\/v2\/media?parent=4611"}],"wp:term":[{"taxonomy":"product_cat","embeddable":true,"href":"https:\/\/benita-art.lt\/lt\/wp-json\/wp\/v2\/product_cat?post=4611"},{"taxonomy":"product_tag","embeddable":true,"href":"https:\/\/benita-art.lt\/lt\/wp-json\/wp\/v2\/product_tag?post=4611"}],"curies":[{"name":"wp","href":"https:\/\/api.w.org\/{rel}","templated":true}]}}