{"id":4584,"date":"2022-03-31T17:43:10","date_gmt":"2022-03-31T17:43:10","guid":{"rendered":"https:\/\/benita-art.lt\/?post_type=product&#038;p=4584"},"modified":"2025-01-26T09:27:36","modified_gmt":"2025-01-26T09:27:36","slug":"decisions","status":"publish","type":"product","link":"https:\/\/benita-art.lt\/lt\/produktas\/decisions\/","title":{"rendered":"Sprendimai"},"content":{"rendered":"<p>Akrilas ant drob\u0117s su por\u0117miu, ne\u012fr\u0117mintas.<\/p>\n<p>Dydis: 30cm x 40cm x 1,5cm (11.8\u2033 x 3.7\u2033 x 0.6\u2033)<\/p>\n<p>Pridedamas autenti\u0161kumo sertifikatas.<\/p>\n<p>Nor\u0117dami ap\u017ei\u016br\u0117ti paveiksl\u0105 gyvai Vilniuje, susisiekite \u017einute.<\/p>","protected":false},"excerpt":{"rendered":"<p>Acrylic on stretched canvas, unframed. Size: 30cm x 40cm x &hellip;<\/p>","protected":false},"featured_media":4588,"template":"","meta":[],"product_cat":[43],"product_tag":[],"_links":{"self":[{"href":"https:\/\/benita-art.lt\/lt\/wp-json\/wp\/v2\/product\/4584"}],"collection":[{"href":"https:\/\/benita-art.lt\/lt\/wp-json\/wp\/v2\/product"}],"about":[{"href":"https:\/\/benita-art.lt\/lt\/wp-json\/wp\/v2\/types\/product"}],"wp:featuredmedia":[{"embeddable":true,"href":"https:\/\/benita-art.lt\/lt\/wp-json\/wp\/v2\/media\/4588"}],"wp:attachment":[{"href":"https:\/\/benita-art.lt\/lt\/wp-json\/wp\/v2\/media?parent=4584"}],"wp:term":[{"taxonomy":"product_cat","embeddable":true,"href":"https:\/\/benita-art.lt\/lt\/wp-json\/wp\/v2\/product_cat?post=4584"},{"taxonomy":"product_tag","embeddable":true,"href":"https:\/\/benita-art.lt\/lt\/wp-json\/wp\/v2\/product_tag?post=4584"}],"curies":[{"name":"wp","href":"https:\/\/api.w.org\/{rel}","templated":true}]}}