{"id":3717,"date":"2022-03-01T11:23:45","date_gmt":"2022-03-01T11:23:45","guid":{"rendered":"https:\/\/benita-art.lt\/?post_type=product&#038;p=3717"},"modified":"2022-11-11T16:04:28","modified_gmt":"2022-11-11T16:04:28","slug":"no-matter-what-happens","status":"publish","type":"product","link":"https:\/\/benita-art.lt\/lt\/produktas\/no-matter-what-happens\/","title":{"rendered":"Nesvarbu, kas nutiks"},"content":{"rendered":"<p>Akrilas ant drob\u0117s su por\u0117miu. Ne\u012fr\u0117minta, paruo\u0161ta kabinimui.<\/p>\n<p>Dydis: 70cm x 100cm x 2cm<\/p>\n<p>Pridedamas autenti\u0161kumo sertifikatas.<\/p>\n<p>Nor\u0117dami ap\u017ei\u016br\u0117ti paveiksl\u0105 gyvai Vilniuje, susisiekite \u017einute.<\/p>","protected":false},"excerpt":{"rendered":"<p>Acrylic on stretched canvas, unframed, ready to hang. Size: 70cm &hellip;<\/p>","protected":false},"featured_media":2011,"template":"","meta":[],"product_cat":[43],"product_tag":[],"_links":{"self":[{"href":"https:\/\/benita-art.lt\/lt\/wp-json\/wp\/v2\/product\/3717"}],"collection":[{"href":"https:\/\/benita-art.lt\/lt\/wp-json\/wp\/v2\/product"}],"about":[{"href":"https:\/\/benita-art.lt\/lt\/wp-json\/wp\/v2\/types\/product"}],"wp:featuredmedia":[{"embeddable":true,"href":"https:\/\/benita-art.lt\/lt\/wp-json\/wp\/v2\/media\/2011"}],"wp:attachment":[{"href":"https:\/\/benita-art.lt\/lt\/wp-json\/wp\/v2\/media?parent=3717"}],"wp:term":[{"taxonomy":"product_cat","embeddable":true,"href":"https:\/\/benita-art.lt\/lt\/wp-json\/wp\/v2\/product_cat?post=3717"},{"taxonomy":"product_tag","embeddable":true,"href":"https:\/\/benita-art.lt\/lt\/wp-json\/wp\/v2\/product_tag?post=3717"}],"curies":[{"name":"wp","href":"https:\/\/api.w.org\/{rel}","templated":true}]}}