{"id":3716,"date":"2022-03-01T11:16:55","date_gmt":"2022-03-01T11:16:55","guid":{"rendered":"https:\/\/benita-art.lt\/?post_type=product&#038;p=3716"},"modified":"2024-05-11T12:07:53","modified_gmt":"2024-05-11T12:07:53","slug":"cloudy","status":"publish","type":"product","link":"https:\/\/benita-art.lt\/lt\/produktas\/cloudy\/","title":{"rendered":"Debesuota"},"content":{"rendered":"<p>Mi\u0161ri technika. Drob\u0117 su por\u0117miu. Ne\u012fr\u0117minta, paruo\u0161ta kabinimui.<\/p>\n<p>Dydis: 100cm x 100cm x 2,5cm<\/p>\n<p>Pridedamas autenti\u0161kumo sertifikatas.<\/p>\n<p>Nor\u0117dami ap\u017ei\u016br\u0117ti paveiksl\u0105 gyvai Vilniuje, susisiekite \u017einute.<\/p>","protected":false},"excerpt":{"rendered":"<p>Mixed media on stretched canvas, unframed, ready to hang. Size: &hellip;<\/p>","protected":false},"featured_media":3696,"template":"","meta":[],"product_cat":[74,43],"product_tag":[],"_links":{"self":[{"href":"https:\/\/benita-art.lt\/lt\/wp-json\/wp\/v2\/product\/3716"}],"collection":[{"href":"https:\/\/benita-art.lt\/lt\/wp-json\/wp\/v2\/product"}],"about":[{"href":"https:\/\/benita-art.lt\/lt\/wp-json\/wp\/v2\/types\/product"}],"wp:featuredmedia":[{"embeddable":true,"href":"https:\/\/benita-art.lt\/lt\/wp-json\/wp\/v2\/media\/3696"}],"wp:attachment":[{"href":"https:\/\/benita-art.lt\/lt\/wp-json\/wp\/v2\/media?parent=3716"}],"wp:term":[{"taxonomy":"product_cat","embeddable":true,"href":"https:\/\/benita-art.lt\/lt\/wp-json\/wp\/v2\/product_cat?post=3716"},{"taxonomy":"product_tag","embeddable":true,"href":"https:\/\/benita-art.lt\/lt\/wp-json\/wp\/v2\/product_tag?post=3716"}],"curies":[{"name":"wp","href":"https:\/\/api.w.org\/{rel}","templated":true}]}}