{"id":3714,"date":"2022-03-01T10:27:36","date_gmt":"2022-03-01T10:27:36","guid":{"rendered":"https:\/\/benita-art.lt\/?post_type=product&#038;p=3714"},"modified":"2026-04-24T13:24:26","modified_gmt":"2026-04-24T10:24:26","slug":"cold-love","status":"publish","type":"product","link":"https:\/\/benita-art.lt\/lt\/produktas\/cold-love\/","title":{"rendered":"\u0160alta meil\u0117"},"content":{"rendered":"<p>Akrilas ant drob\u0117s su por\u0117miu. Ne\u012fr\u0117minta, paruo\u0161ta kabinimui.<\/p>\n<p>Dydis: 100cm x 100cm x 2,5cm<\/p>\n<p>Pridedamas autenti\u0161kumo sertifikatas.<\/p>\n<p>Nor\u0117dami ap\u017ei\u016br\u0117ti paveiksl\u0105 gyvai Vilniuje, susisiekite \u017einute.<\/p>","protected":false},"excerpt":{"rendered":"<p>Acrylic on stretched canvas, unframed, ready to hang. Size: 100cm &hellip;<\/p>","protected":false},"featured_media":1967,"template":"","meta":[],"product_cat":[43],"product_tag":[],"_links":{"self":[{"href":"https:\/\/benita-art.lt\/lt\/wp-json\/wp\/v2\/product\/3714"}],"collection":[{"href":"https:\/\/benita-art.lt\/lt\/wp-json\/wp\/v2\/product"}],"about":[{"href":"https:\/\/benita-art.lt\/lt\/wp-json\/wp\/v2\/types\/product"}],"wp:featuredmedia":[{"embeddable":true,"href":"https:\/\/benita-art.lt\/lt\/wp-json\/wp\/v2\/media\/1967"}],"wp:attachment":[{"href":"https:\/\/benita-art.lt\/lt\/wp-json\/wp\/v2\/media?parent=3714"}],"wp:term":[{"taxonomy":"product_cat","embeddable":true,"href":"https:\/\/benita-art.lt\/lt\/wp-json\/wp\/v2\/product_cat?post=3714"},{"taxonomy":"product_tag","embeddable":true,"href":"https:\/\/benita-art.lt\/lt\/wp-json\/wp\/v2\/product_tag?post=3714"}],"curies":[{"name":"wp","href":"https:\/\/api.w.org\/{rel}","templated":true}]}}