{"id":3630,"date":"2022-01-12T09:45:41","date_gmt":"2022-01-12T09:45:41","guid":{"rendered":"https:\/\/benita-art.lt\/?post_type=product&#038;p=3630"},"modified":"2025-01-26T09:28:47","modified_gmt":"2025-01-26T09:28:47","slug":"the-spirit-of-nature-ii","status":"publish","type":"product","link":"https:\/\/benita-art.lt\/lt\/produktas\/the-spirit-of-nature-ii\/","title":{"rendered":"Gamtos dvasia II"},"content":{"rendered":"<p>Akrilas ant drob\u0117s su por\u0117miu. Ne\u012fr\u0117minta, paruo\u0161ta kabinimui.<\/p>\n<p>Dydis: 50cm x 70cm x 1,5cm (19.7\u2033 x 27.5\u2033 x 0.6\u2033)<\/p>\n<p>Pridedamas autenti\u0161kumo sertifikatas.<\/p>\n<p>Nor\u0117dami ap\u017ei\u016br\u0117ti paveiksl\u0105 gyvai Vilniuje, susisiekite \u017einute.<\/p>","protected":false},"excerpt":{"rendered":"<p>Acrylic on stretched canvas, unframed, ready to hang. Size: 50cm &hellip;<\/p>","protected":false},"featured_media":5363,"template":"","meta":[],"product_cat":[43],"product_tag":[],"_links":{"self":[{"href":"https:\/\/benita-art.lt\/lt\/wp-json\/wp\/v2\/product\/3630"}],"collection":[{"href":"https:\/\/benita-art.lt\/lt\/wp-json\/wp\/v2\/product"}],"about":[{"href":"https:\/\/benita-art.lt\/lt\/wp-json\/wp\/v2\/types\/product"}],"wp:featuredmedia":[{"embeddable":true,"href":"https:\/\/benita-art.lt\/lt\/wp-json\/wp\/v2\/media\/5363"}],"wp:attachment":[{"href":"https:\/\/benita-art.lt\/lt\/wp-json\/wp\/v2\/media?parent=3630"}],"wp:term":[{"taxonomy":"product_cat","embeddable":true,"href":"https:\/\/benita-art.lt\/lt\/wp-json\/wp\/v2\/product_cat?post=3630"},{"taxonomy":"product_tag","embeddable":true,"href":"https:\/\/benita-art.lt\/lt\/wp-json\/wp\/v2\/product_tag?post=3630"}],"curies":[{"name":"wp","href":"https:\/\/api.w.org\/{rel}","templated":true}]}}