{"id":2074,"date":"2021-08-12T07:33:55","date_gmt":"2021-08-12T07:33:55","guid":{"rendered":"https:\/\/benita-art.lt\/?post_type=product&#038;p=2074"},"modified":"2024-01-25T16:30:22","modified_gmt":"2024-01-25T16:30:22","slug":"glowing-winter-285x35cm","status":"publish","type":"product","link":"https:\/\/benita-art.lt\/lt\/produktas\/glowing-winter-285x35cm\/","title":{"rendered":"\u0160vytinti \u017eiema"},"content":{"rendered":"<p>Mi\u0161ri technika ant drob\u0117s su por\u0117miu, ne\u012fr\u0117mintas.<\/p>\n<p>Size: 28,5cm x 35cm x 1,5cm (11.2&#8243; x 1.8&#8243; x 0.6&#8243;)<\/p>\n<p>Pridedamas autenti\u0161kumo sertifikatas.<\/p>\n<p>Nor\u0117dami ap\u017ei\u016br\u0117ti paveiksl\u0105 gyvai Vilniuje, susisiekite \u017einute.<\/p>","protected":false},"excerpt":{"rendered":"<p>Mixed media on stretched canvas, unframed. Size: 28,5cm x 35cm &hellip;<\/p>","protected":false},"featured_media":3678,"template":"","meta":[],"product_cat":[43],"product_tag":[],"_links":{"self":[{"href":"https:\/\/benita-art.lt\/lt\/wp-json\/wp\/v2\/product\/2074"}],"collection":[{"href":"https:\/\/benita-art.lt\/lt\/wp-json\/wp\/v2\/product"}],"about":[{"href":"https:\/\/benita-art.lt\/lt\/wp-json\/wp\/v2\/types\/product"}],"wp:featuredmedia":[{"embeddable":true,"href":"https:\/\/benita-art.lt\/lt\/wp-json\/wp\/v2\/media\/3678"}],"wp:attachment":[{"href":"https:\/\/benita-art.lt\/lt\/wp-json\/wp\/v2\/media?parent=2074"}],"wp:term":[{"taxonomy":"product_cat","embeddable":true,"href":"https:\/\/benita-art.lt\/lt\/wp-json\/wp\/v2\/product_cat?post=2074"},{"taxonomy":"product_tag","embeddable":true,"href":"https:\/\/benita-art.lt\/lt\/wp-json\/wp\/v2\/product_tag?post=2074"}],"curies":[{"name":"wp","href":"https:\/\/api.w.org\/{rel}","templated":true}]}}