{"id":2062,"date":"2021-08-12T07:29:00","date_gmt":"2021-08-12T07:29:00","guid":{"rendered":"https:\/\/benita-art.lt\/?post_type=product&#038;p=2062"},"modified":"2024-02-12T15:40:40","modified_gmt":"2024-02-12T15:40:40","slug":"sweet-nowember-40x50cm","status":"publish","type":"product","link":"https:\/\/benita-art.lt\/lt\/produktas\/sweet-nowember-40x50cm\/","title":{"rendered":"Saldus lapkritis"},"content":{"rendered":"<p>Akrilas ant drob\u0117s su por\u0117miu. Ne\u012fr\u0117minta, paruo\u0161ta kabinimui.<\/p>\n<p>Dydis: 40cm x 50cm x 1,5cm (7.7\u2033 x 11.8\u2033 x 0.6\u2033)<\/p>\n<p>Pridedamas autenti\u0161kumo sertifikatas.<\/p>\n<p>Nor\u0117dami ap\u017ei\u016br\u0117ti paveiksl\u0105 gyvai Vilniuje, susisiekite \u017einute.<\/p>","protected":false},"excerpt":{"rendered":"<p>Acrylic on stretched canvas, unframed, ready to hang. Size: 40cm &hellip;<\/p>","protected":false},"featured_media":2069,"template":"","meta":[],"product_cat":[43],"product_tag":[],"_links":{"self":[{"href":"https:\/\/benita-art.lt\/lt\/wp-json\/wp\/v2\/product\/2062"}],"collection":[{"href":"https:\/\/benita-art.lt\/lt\/wp-json\/wp\/v2\/product"}],"about":[{"href":"https:\/\/benita-art.lt\/lt\/wp-json\/wp\/v2\/types\/product"}],"wp:featuredmedia":[{"embeddable":true,"href":"https:\/\/benita-art.lt\/lt\/wp-json\/wp\/v2\/media\/2069"}],"wp:attachment":[{"href":"https:\/\/benita-art.lt\/lt\/wp-json\/wp\/v2\/media?parent=2062"}],"wp:term":[{"taxonomy":"product_cat","embeddable":true,"href":"https:\/\/benita-art.lt\/lt\/wp-json\/wp\/v2\/product_cat?post=2062"},{"taxonomy":"product_tag","embeddable":true,"href":"https:\/\/benita-art.lt\/lt\/wp-json\/wp\/v2\/product_tag?post=2062"}],"curies":[{"name":"wp","href":"https:\/\/api.w.org\/{rel}","templated":true}]}}