{"id":5340,"date":"2022-09-21T15:03:09","date_gmt":"2022-09-21T15:03:09","guid":{"rendered":"https:\/\/benita-art.lt\/?page_id=5340"},"modified":"2025-05-23T15:34:20","modified_gmt":"2025-05-23T15:34:20","slug":"blog","status":"publish","type":"page","link":"https:\/\/benita-art.lt\/lt\/blog\/","title":{"rendered":"Notes"},"content":{"rendered":"<div class=\"bm-builder clearfix\"><div id=\"\" class=\"module col-12 module-id-1663771289346\" data-module-col=\"12\"><div class=\"module-inside grid-inside\" style=\"--cornerRadius:0px 0px 0px 0px ; --top-mod: 0px;--bottom-mod: 0px;--top-mod-t: 0px;--bottom-mod-t: 0px;--top-mod-m:0px;--bottom-mod-m:0px;\" ><div class=\"container-masonry ux-portfolio-3col  ux-portfolio-full  ux-ratio-11\" data-ratio=\"1\" data-col=\"3\" data-found=\"3\" data-number=\"12\" data-mod=\"grid\"><div class=\"masonry-list grid-list clearfix grid-list-1663771289346 grid-list-tit-shown     img-zoom-in  img-fitgird-position-middle\"  data-unique=\"1663771289346\" data-source=\"post\" data-spaceh=\"20\" data-spacev=\"20\" data-spaceh-m=\"20\" data-spacev-m=\"20\" data-col=\"3\" data-col-m=\"1\"><section class=\"grid-item sea-grid-item filter_painting\" data-postid=\"5717\" data-tit=\"10 Techniques for Creating Stunning Abstract Acrylic Paintings\"><div class=\"grid-item-inside\" ><div class=\"ux-lazyload-wrap\" style=\"padding-top: 100%;\" ><a class=\"grid-item-mask-link\" title=\"10 abstrak\u010di\u0173 paveiksl\u0173 su akrilu k\u016brimo b\u016bd\u0173\"  href=\"https:\/\/benita-art.lt\/lt\/10-techniques-for-creating-stunning-abstract-acrylic-paintings\/\" rel=\" \"><\/a><img decoding=\"async\" class=\"grid-item-img ux-background-img-1st lazy\" src=\"data:image\/gif;base64,R0lGODlhAQABAIAAAAAAAP\/\/\/yH5BAEAAAAALAAAAAABAAEAAAIBRAA7\" data-src=\"https:\/\/benita-art.lt\/wp-content\/uploads\/2022\/12\/Storm-II-Detail-2-650x650.jpg\" data-srcset=\"https:\/\/benita-art.lt\/wp-content\/uploads\/2022\/12\/Storm-II-Detail-2-e1670686422546-arttheme-thumb-11-normal-650x650.jpg 650w, https:\/\/benita-art.lt\/wp-content\/uploads\/2022\/12\/Storm-II-Detail-2-300x300.jpg 300w, https:\/\/benita-art.lt\/wp-content\/uploads\/2022\/12\/Storm-II-Detail-2-1024x1024.jpg 1024w, https:\/\/benita-art.lt\/wp-content\/uploads\/2022\/12\/Storm-II-Detail-2-150x150.jpg 150w, https:\/\/benita-art.lt\/wp-content\/uploads\/2022\/12\/Storm-II-Detail-2-768x768.jpg 768w, https:\/\/benita-art.lt\/wp-content\/uploads\/2022\/12\/Storm-II-Detail-2-1536x1536.jpg 1536w, https:\/\/benita-art.lt\/wp-content\/uploads\/2022\/12\/Storm-II-Detail-2-12x12.jpg 12w, https:\/\/benita-art.lt\/wp-content\/uploads\/2022\/12\/Storm-II-Detail-2-350x350.jpg 350w, https:\/\/benita-art.lt\/wp-content\/uploads\/2022\/12\/Storm-II-Detail-2-e1670686422546-arttheme-standard-thumb-medium-1000x1000.jpg 1000w, https:\/\/benita-art.lt\/wp-content\/uploads\/2022\/12\/Storm-II-Detail-2-600x600.jpg 600w, https:\/\/benita-art.lt\/wp-content\/uploads\/2022\/12\/Storm-II-Detail-2-100x100.jpg 100w, https:\/\/benita-art.lt\/wp-content\/uploads\/2022\/12\/Storm-II-Detail-2-e1670686422546.jpg 1700w\" data-sizes=\"(max-width: 480px) 320px,(max-width: 767px) 500px,(max-width: 650px) 100vw, 650px\" alt=\"10 Techniques for Creating Stunning Abstract Acrylic Paintings\"><\/div><div class=\"grid-blog grid-text-center\"><h2 class=\"grid-item-tit\"><a href=\"https:\/\/benita-art.lt\/lt\/10-techniques-for-creating-stunning-abstract-acrylic-paintings\/\"  class=\"grid-item-tit-a\" title=\"10 abstrak\u010di\u0173 paveiksl\u0173 su akrilu k\u016brimo b\u016bd\u0173\" rel=\" \">10 abstrak\u010di\u0173 paveiksl\u0173 su akrilu k\u016brimo b\u016bd\u0173<\/a><\/h2><div class=\"grid-item-date\">2023-02-24<\/div><\/div><\/div><\/section><section class=\"grid-item sea-grid-item filter_painting\" data-postid=\"5640\" data-tit=\"Why artists don&#8217;t like to do painting commissions?\"><div class=\"grid-item-inside\" ><div class=\"ux-lazyload-wrap\" style=\"padding-top: 100%;\" ><a class=\"grid-item-mask-link\" title=\"Why artists don&#8217;t like to do painting commissions?\"  href=\"https:\/\/benita-art.lt\/lt\/why-artists-dont-like-to-do-painting-commissions\/\" rel=\" \"><\/a><img decoding=\"async\" class=\"grid-item-img ux-background-img-1st lazy\" src=\"data:image\/gif;base64,R0lGODlhAQABAIAAAAAAAP\/\/\/yH5BAEAAAAALAAAAAABAAEAAAIBRAA7\" data-src=\"https:\/\/benita-art.lt\/wp-content\/uploads\/2022\/04\/Gates-interior-2-650x650.jpg\" data-srcset=\"https:\/\/benita-art.lt\/wp-content\/uploads\/2022\/04\/Gates-interior-2-arttheme-thumb-11-normal-650x650.jpg 650w, https:\/\/benita-art.lt\/wp-content\/uploads\/2022\/04\/Gates-interior-2-300x300.jpg 300w, https:\/\/benita-art.lt\/wp-content\/uploads\/2022\/04\/Gates-interior-2-1024x1024.jpg 1024w, https:\/\/benita-art.lt\/wp-content\/uploads\/2022\/04\/Gates-interior-2-150x150.jpg 150w, https:\/\/benita-art.lt\/wp-content\/uploads\/2022\/04\/Gates-interior-2-768x768.jpg 768w, https:\/\/benita-art.lt\/wp-content\/uploads\/2022\/04\/Gates-interior-2-1536x1536.jpg 1536w, https:\/\/benita-art.lt\/wp-content\/uploads\/2022\/04\/Gates-interior-2-2048x2048.jpg 2048w, https:\/\/benita-art.lt\/wp-content\/uploads\/2022\/04\/Gates-interior-2-12x12.jpg 12w, https:\/\/benita-art.lt\/wp-content\/uploads\/2022\/04\/Gates-interior-2-350x350.jpg 350w, https:\/\/benita-art.lt\/wp-content\/uploads\/2022\/04\/Gates-interior-2-arttheme-standard-thumb-medium-1000x1000.jpg 1000w, https:\/\/benita-art.lt\/wp-content\/uploads\/2022\/04\/Gates-interior-2-arttheme-standard-thumb-big-2000x2000.jpg 2000w, https:\/\/benita-art.lt\/wp-content\/uploads\/2022\/04\/Gates-interior-2-600x600.jpg 600w, https:\/\/benita-art.lt\/wp-content\/uploads\/2022\/04\/Gates-interior-2-100x100.jpg 100w\" data-sizes=\"(max-width: 480px) 320px,(max-width: 767px) 500px,(max-width: 650px) 100vw, 650px\" alt=\"Why artists don&#8217;t like to do painting commissions?\"><\/div><div class=\"grid-blog grid-text-center\"><h2 class=\"grid-item-tit\"><a href=\"https:\/\/benita-art.lt\/lt\/why-artists-dont-like-to-do-painting-commissions\/\"  class=\"grid-item-tit-a\" title=\"Why artists don&#8217;t like to do painting commissions?\" rel=\" \">Why artists don&#8217;t like to do painting commissions?<\/a><\/h2><div class=\"grid-item-date\">2023-02-17<\/div><\/div><\/div><\/section><section class=\"grid-item sea-grid-item filter_painting\" data-postid=\"5314\" data-tit=\"Why are my paintings look sad?\"><div class=\"grid-item-inside\" ><div class=\"ux-lazyload-wrap\" style=\"padding-top: 100%;\" ><a class=\"grid-item-mask-link\" title=\"Kod\u0117l mano paveikslai atrodo li\u016bdni?\"  href=\"https:\/\/benita-art.lt\/lt\/why-are-my-paintings-look-sad\/\" rel=\" \"><\/a><img decoding=\"async\" class=\"grid-item-img ux-background-img-1st lazy\" src=\"data:image\/gif;base64,R0lGODlhAQABAIAAAAAAAP\/\/\/yH5BAEAAAAALAAAAAABAAEAAAIBRAA7\" data-src=\"https:\/\/benita-art.lt\/wp-content\/uploads\/2022\/02\/Cloudy-detail-3-650x650.jpg\" data-srcset=\"https:\/\/benita-art.lt\/wp-content\/uploads\/2022\/02\/Cloudy-detail-3-arttheme-thumb-11-normal-650x650.jpg 650w, https:\/\/benita-art.lt\/wp-content\/uploads\/2022\/02\/Cloudy-detail-3-300x300.jpg 300w, https:\/\/benita-art.lt\/wp-content\/uploads\/2022\/02\/Cloudy-detail-3-1024x1024.jpg 1024w, https:\/\/benita-art.lt\/wp-content\/uploads\/2022\/02\/Cloudy-detail-3-150x150.jpg 150w, https:\/\/benita-art.lt\/wp-content\/uploads\/2022\/02\/Cloudy-detail-3-768x768.jpg 768w, https:\/\/benita-art.lt\/wp-content\/uploads\/2022\/02\/Cloudy-detail-3-350x350.jpg 350w, https:\/\/benita-art.lt\/wp-content\/uploads\/2022\/02\/Cloudy-detail-3-arttheme-standard-thumb-medium-1000x1000.jpg 1000w, https:\/\/benita-art.lt\/wp-content\/uploads\/2022\/02\/Cloudy-detail-3-600x600.jpg 600w, https:\/\/benita-art.lt\/wp-content\/uploads\/2022\/02\/Cloudy-detail-3-100x100.jpg 100w, https:\/\/benita-art.lt\/wp-content\/uploads\/2022\/02\/Cloudy-detail-3.jpg 1500w\" data-sizes=\"(max-width: 480px) 320px,(max-width: 767px) 500px,(max-width: 650px) 100vw, 650px\" alt=\"Why are my paintings look sad?\"><\/div><div class=\"grid-blog grid-text-center\"><h2 class=\"grid-item-tit\"><a href=\"https:\/\/benita-art.lt\/lt\/why-are-my-paintings-look-sad\/\"  class=\"grid-item-tit-a\" title=\"Kod\u0117l mano paveikslai atrodo li\u016bdni?\" rel=\" \">Kod\u0117l mano paveikslai atrodo li\u016bdni?<\/a><\/h2><div class=\"grid-item-date\">2022-09-21<\/div><\/div><\/div><\/section><\/div><\/div><\/div><\/div><\/div>","protected":false},"excerpt":{"rendered":"<p>10 Techniques for Creating Stunning Abstract Acrylic Paintings2023-02-24Why artists don&#8217;t &hellip;<\/p>","protected":false},"author":1,"featured_media":4621,"parent":0,"menu_order":0,"comment_status":"closed","ping_status":"closed","template":"","meta":{"footnotes":""},"_links":{"self":[{"href":"https:\/\/benita-art.lt\/lt\/wp-json\/wp\/v2\/pages\/5340"}],"collection":[{"href":"https:\/\/benita-art.lt\/lt\/wp-json\/wp\/v2\/pages"}],"about":[{"href":"https:\/\/benita-art.lt\/lt\/wp-json\/wp\/v2\/types\/page"}],"author":[{"embeddable":true,"href":"https:\/\/benita-art.lt\/lt\/wp-json\/wp\/v2\/users\/1"}],"replies":[{"embeddable":true,"href":"https:\/\/benita-art.lt\/lt\/wp-json\/wp\/v2\/comments?post=5340"}],"version-history":[{"count":4,"href":"https:\/\/benita-art.lt\/lt\/wp-json\/wp\/v2\/pages\/5340\/revisions"}],"predecessor-version":[{"id":6304,"href":"https:\/\/benita-art.lt\/lt\/wp-json\/wp\/v2\/pages\/5340\/revisions\/6304"}],"wp:featuredmedia":[{"embeddable":true,"href":"https:\/\/benita-art.lt\/lt\/wp-json\/wp\/v2\/media\/4621"}],"wp:attachment":[{"href":"https:\/\/benita-art.lt\/lt\/wp-json\/wp\/v2\/media?parent=5340"}],"curies":[{"name":"wp","href":"https:\/\/api.w.org\/{rel}","templated":true}]}}