{"id":5247,"date":"2022-07-25T15:45:38","date_gmt":"2022-07-25T15:45:38","guid":{"rendered":"https:\/\/benita-art.lt\/?page_id=5247"},"modified":"2026-03-13T19:17:52","modified_gmt":"2026-03-13T16:17:52","slug":"contact","status":"publish","type":"page","link":"https:\/\/benita-art.lt\/lt\/contact\/","title":{"rendered":"Kontaktai"},"content":{"rendered":"<p>Paveikslus galima ap\u017ei\u016br\u0117ti <strong>gyvai Vilniuje arba \u0160ven\u010dion\u0117liuose<\/strong>, i\u0161 anksto susitarus el. pa\u0161tu.<\/p>\n\n\n\n<p><\/p>\n\n\n\n<p><strong>\u2709\ufe0f El.p:<\/strong> info@benita-art.lt<\/p>\n\n\n\n<p>\ud83d\udccc<strong>Adresas:<\/strong> \u017dilvi\u010di\u0173 g, 10, \u0160ven\u010dion\u0117liai, Lietuva<\/p>\n\n\n\n<p>\ud83d\udcc4IV Nr. 770145<\/p>","protected":false},"excerpt":{"rendered":"<p>Paintings can be viewed in person in Vilnius or Svencioneliai, &hellip;<\/p>","protected":false},"author":1,"featured_media":6712,"parent":0,"menu_order":0,"comment_status":"closed","ping_status":"closed","template":"","meta":{"footnotes":""},"_links":{"self":[{"href":"https:\/\/benita-art.lt\/lt\/wp-json\/wp\/v2\/pages\/5247"}],"collection":[{"href":"https:\/\/benita-art.lt\/lt\/wp-json\/wp\/v2\/pages"}],"about":[{"href":"https:\/\/benita-art.lt\/lt\/wp-json\/wp\/v2\/types\/page"}],"author":[{"embeddable":true,"href":"https:\/\/benita-art.lt\/lt\/wp-json\/wp\/v2\/users\/1"}],"replies":[{"embeddable":true,"href":"https:\/\/benita-art.lt\/lt\/wp-json\/wp\/v2\/comments?post=5247"}],"version-history":[{"count":8,"href":"https:\/\/benita-art.lt\/lt\/wp-json\/wp\/v2\/pages\/5247\/revisions"}],"predecessor-version":[{"id":6719,"href":"https:\/\/benita-art.lt\/lt\/wp-json\/wp\/v2\/pages\/5247\/revisions\/6719"}],"wp:featuredmedia":[{"embeddable":true,"href":"https:\/\/benita-art.lt\/lt\/wp-json\/wp\/v2\/media\/6712"}],"wp:attachment":[{"href":"https:\/\/benita-art.lt\/lt\/wp-json\/wp\/v2\/media?parent=5247"}],"curies":[{"name":"wp","href":"https:\/\/api.w.org\/{rel}","templated":true}]}}