{"id":1500,"date":"2021-08-16T10:04:40","date_gmt":"2021-08-16T10:04:40","guid":{"rendered":"https:\/\/benita-art.lt\/?page_id=1500"},"modified":"2022-03-06T11:30:32","modified_gmt":"2022-03-06T11:30:32","slug":"shipping-policy","status":"publish","type":"page","link":"https:\/\/benita-art.lt\/lt\/shipping-policy\/","title":{"rendered":"Siuntimo politika"},"content":{"rendered":"<p><strong>K\u0104 TIK PATEIKIAU U\u017dSAKYM\u0104, KADA JIS BUS I\u0160SI\u0172STAS?<br><\/strong>Palaukite 3\u20137 darbo dienas, kol j\u016bs\u0173 u\u017esakymas bus i\u0161si\u0173stas.&nbsp;<\/p>\n\n\n\n<p><strong>KIEK TRUNKA PRISTATYMAS?<\/strong><\/p>\n\n\n\n<p>Vidutinis pristatymo laikas visame pasaulyje: 10-30 darbo dien\u0173.<\/p>\n\n\n\n<p>Pristatymo laikas gali keistis priklausomai nuo atsiskaitymo metu pasirinkto siuntimo b\u016bdo.<\/p>\n\n\n\n<p>Kai kurios aplinkyb\u0117s yra nekontroliuojamos (stichin\u0117s nelaim\u0117s, \u0161vent\u0117s, orai ir t. t.), d\u0117l kuri\u0173 siuntimas gali b\u016bti atid\u0117tas. Nors dauguma siuntini\u0173 atvyks laiku, kurjeriai gali susidurti su netik\u0117tomis aplinkyb\u0117mis ir v\u0117luoti. D\u0117l \u0161ios prie\u017easties negarantuojame tikslaus pristatymo laiko; u\u017e pristatym\u0105 atsako kurjeri\u0173 kompanija.<\/p>\n\n\n\n<p><strong>AR GAUSIU STEB\u0116JIMO NUMER\u012e?<br><\/strong>Mes suteikiame kiekvieno u\u017esakymo sekimo numer\u012f. Steb\u0117ti bus galima, kai J\u016bs\u0173 produktas bus i\u0161si\u0173stas. Kiekvienas produktas gali b\u016bti i\u0161si\u0173stas i\u0161 skirting\u0173 vykdymo centr\u0173 visame pasaulyje, nes m\u016bs\u0173 produkt\u0173 tyrim\u0173 komanda skiria daug laiko, kad gaut\u0173 kokybi\u0161kus, bet prieinamus produktus.<\/p>\n\n\n\n<p><strong>AR GALIU AT\u0160AUKTI SAVO U\u017dSAKYM\u0104?<br><\/strong>Galite at\u0161aukti u\u017esakym\u0105 be joki\u0173 sankcij\u0173. Turite at\u0161aukti u\u017esakym\u0105 pra\u0117jus ne daugiau 12 valand\u0173 nuo jo suk\u016brimo, kad at\u0161aukimas b\u016bt\u0173 patvirtintas.<\/p>\n\n\n\n<p><strong>\u012eVED\u017dIAU NETEISING\u0104 ADRES\u0104!<br><\/strong>Jei neteisingai para\u0161\u0117te arba automati\u0161kai neteisingai u\u017epild\u0117te savo adres\u0105, tiesiog atsakykite \u012f u\u017esakymo patvirtinimo el. lai\u0161k\u0105 ir pateikite teising\u0105 informacij\u0105. Nedelsdami prane\u0161kite mums el. pa\u0161tu info@benita-art.lt Jei adresas neteisingas, galime tai pataisyti per 12 valand\u0173.<\/p>\n\n\n\n<p><strong>MANO PREK\u0116 ATVYKO SUGADINTA<\/strong>&nbsp;<br>Kiekvien\u0105 prek\u0119 siun\u010diame saugiai supakuot\u0105, su papildomu u\u017epildu. Nepaisant to, kai kurie produktai atkeliauja sugadinti d\u0117l netinkamo elgesio su pa\u0161to siuntomis. Jei taip nutikt\u0173 Jums, susisiekite su mumis pateikdami u\u017esakymo numer\u012f ir sugadinto produkto nuotrauk\u0105. Kai tik gausime, i\u0161si\u0173sime kit\u0105 prek\u0119 nemokamai arba gr\u0105\u017einsime pinigus.<\/p>\n\n\n\n<p><strong>KAIP GALIU GR\u0104\u017dINTI PREK\u0118?<\/strong><\/p>\n\n\n\n<p>Galite gr\u0105\u017einti prek\u0119, jei ji sugadinta ar turi kit\u0173 problem\u0173, per 3 dienas nuo u\u017esakymo gavimo.<\/p>\n\n\n\n<p><strong>KAIP GALIU ATGAUTI PINIGUS?<\/strong><\/p>\n\n\n\n<p>Pinig\u0173 gr\u0105\u017einimas negalimas. Bet mes gr\u0105\u017einame pinigus, jei prek\u0117s n\u0117ra sand\u0117lyje.<\/p>\n\n\n\n<p><strong>TURIU KLAUSIM\u0104, \u012e KUR\u012e NEBUVO ATSAKYTA, AR GALITE PAD\u0116TI?<\/strong><\/p>\n\n\n\n<p>Jei nepavyko atsakyti \u012f J\u016bs\u0173 klausim\u0105, susisiekite su mumis ir mes pasistengsime atsakyti per 24 valandas.<\/p>","protected":false},"excerpt":{"rendered":"<p>I JUST PLACED AN ORDER, WHEN WILL IT SHIP?Please allow &hellip;<\/p>","protected":false},"author":2,"featured_media":0,"parent":0,"menu_order":0,"comment_status":"closed","ping_status":"closed","template":"","meta":{"footnotes":""},"_links":{"self":[{"href":"https:\/\/benita-art.lt\/lt\/wp-json\/wp\/v2\/pages\/1500"}],"collection":[{"href":"https:\/\/benita-art.lt\/lt\/wp-json\/wp\/v2\/pages"}],"about":[{"href":"https:\/\/benita-art.lt\/lt\/wp-json\/wp\/v2\/types\/page"}],"author":[{"embeddable":true,"href":"https:\/\/benita-art.lt\/lt\/wp-json\/wp\/v2\/users\/2"}],"replies":[{"embeddable":true,"href":"https:\/\/benita-art.lt\/lt\/wp-json\/wp\/v2\/comments?post=1500"}],"version-history":[{"count":5,"href":"https:\/\/benita-art.lt\/lt\/wp-json\/wp\/v2\/pages\/1500\/revisions"}],"predecessor-version":[{"id":3768,"href":"https:\/\/benita-art.lt\/lt\/wp-json\/wp\/v2\/pages\/1500\/revisions\/3768"}],"wp:attachment":[{"href":"https:\/\/benita-art.lt\/lt\/wp-json\/wp\/v2\/media?parent=1500"}],"curies":[{"name":"wp","href":"https:\/\/api.w.org\/{rel}","templated":true}]}}